{"id":2,"date":"2011-12-18T10:24:33","date_gmt":"2011-12-18T10:24:33","guid":{"rendered":"http:\/\/www.alex-edler.de\/blog\/?page_id=2"},"modified":"2011-12-18T14:14:01","modified_gmt":"2011-12-18T13:14:01","slug":"impressum","status":"publish","type":"page","link":"https:\/\/www.alex-edler.de\/blog\/impressum\/","title":{"rendered":"Impressum"},"content":{"rendered":"<h3 align=\"center\">Angaben gem\u00e4\u00df Teledienstdatengesetz<\/p>\n<\/h3>\n<table>\n<tr>\n<td>Verantwortlich:&nbsp;&nbsp;<\/td>\n<td>Alexandra Edler<\/td>\n<\/tr>\n<tr>\n<td>Anschrift:<\/td>\n<td>D\u00f6rgen 35<br \/>32549 Bad Oeynhausen<\/td>\n<\/tr>\n<tr>\n<td>Telefon:<\/td>\n<td>0049 5731 259819<\/td>\n<\/tr>\n<tr>\n<td>Telefax:<\/td>\n<td>0049 5731 259817<\/td>\n<\/tr>\n<tr>\n<td>&nbsp;<\/td>\n<td>\n<p class=\"xsmall\">Anrufe mit unterdr\u00fcckter Rufnummer werden automatisch abgelehnt. Wer etwas von mir m\u00f6chte, sollte seine Nummer nicht verstecken. Ich habe so au\u00dferdem die M\u00f6glichkeit zur\u00fcck zu rufen falls ich mal nicht erreichbar bin.<\/p>\n<p>Bevorzugter Kommunikationsweg ist allerdings die eMail: <a href=\"mailto:alex.edler@web.de\">alex.edler@web.de<\/a><\/p>\n<\/td>\n<\/tr>\n<\/table>\n<h3>Erkl\u00e4rungen und Haftungsausschlu\u00df<\/h3>\n<p><b>Copyright\/Urheberrecht:<\/b> Diese Site verfolgt keinerlei komerzielle Zwecke. Alle auf dieser Seite ver\u00f6ffentlichten Texte stammen ausschlie\u00dflich aus meiner Feder (falls nicht, ist dies jeweils besonders gekennzeichnet). Vor dem &#8211; auch auszugsweisen &#8211; Ver\u00f6ffentlichen meiner Texte bitte kurz nachfragen. Ich habe i.d.R. nichts dagegen, sofern ein klickbarer Link an prominenter Stelle der Ver\u00f6ffentlichung angebracht ist.<\/p>\n<p>Sollte ich hier auf der Seite die Rechte Dritter verletzten, so versichere ich, dass dies unbeabsichtigt geschieht. Gegebenenfalls bitte ich um kurze Mitteilung, damit ich die entsprechenden Stellen korrigieren kann.<\/p>\n<p><b>Images\/Bilder:<\/b> Die auf &#8222;<a href=\"http:\/\/www.alex-edler.de\">www.alex-edler.de<\/a>&#8220; verwendeten Bilder und Grafiken sind &#8211; sofern nicht anders angegeben &#8211; von mir selbst erstellt. Ich habe durchaus etwas dagegen, wenn diese einfach kopiert und anderweitig verwendet werden. Vorher fragen kostet nichts und dann bin ich sehr umg\u00e4nglich.<\/p>\n<p><b>Links:<\/b> &#8222;<a href=\"http:\/\/www.alex-edler.de\">www.alex-edler.de<\/a>&#8220; linkt auf andere Seiten. Zum Zeitpunkt der Linklegung ist jeder Link meines Wissens nicht strafrechtlich relevant gewesen. Tats\u00e4chlich lebt das Netz von Ver\u00e4nderung &#8211; so k\u00f6nnen sich auch die von mir verlinkten Seiten ver\u00e4ndern. Aufgrund der Anzahl der Links sehe ich mich au\u00dferstande, diese t\u00e4glich zu kontrollieren. Nat\u00fcrlich liegt mir nichts ferner, als strafrechtlich relevante Inhalte durch Links zu bewerben. Sollte ich durch solche Umst\u00e4nde auf nicht ganz koschere Seiten verlinken, versichere ich, dass ich diesen Inhalten nicht zustimme und mir diese Ansichten auch nicht zu eigen mache. Ich bitte daher um umgehende Mitteilung, damit ich die entsprechenden Links entfernen kann.<\/p>\n","protected":false},"excerpt":{"rendered":"<p>Angaben gem\u00e4\u00df Teledienstdatengesetz Verantwortlich:&nbsp;&nbsp; Alexandra Edler Anschrift: D\u00f6rgen 3532549 Bad Oeynhausen Telefon: 0049 5731 259819 Telefax: 0049 5731 259817 &nbsp; Anrufe mit unterdr\u00fcckter Rufnummer werden automatisch abgelehnt. Wer etwas von mir m\u00f6chte, sollte seine Nummer nicht verstecken. Ich habe so au\u00dferdem die M\u00f6glichkeit zur\u00fcck zu rufen falls ich mal nicht erreichbar bin. Bevorzugter Kommunikationsweg ist\u2026 <span class=\"read-more\"><a href=\"https:\/\/www.alex-edler.de\/blog\/impressum\/\">Weiterlesen &raquo;<\/a><\/span><\/p>\n","protected":false},"author":1,"featured_media":0,"parent":0,"menu_order":0,"comment_status":"closed","ping_status":"open","template":"","meta":{"footnotes":""},"class_list":["post-2","page","type-page","status-publish","hentry"],"_links":{"self":[{"href":"https:\/\/www.alex-edler.de\/blog\/wp-json\/wp\/v2\/pages\/2","targetHints":{"allow":["GET"]}}],"collection":[{"href":"https:\/\/www.alex-edler.de\/blog\/wp-json\/wp\/v2\/pages"}],"about":[{"href":"https:\/\/www.alex-edler.de\/blog\/wp-json\/wp\/v2\/types\/page"}],"author":[{"embeddable":true,"href":"https:\/\/www.alex-edler.de\/blog\/wp-json\/wp\/v2\/users\/1"}],"replies":[{"embeddable":true,"href":"https:\/\/www.alex-edler.de\/blog\/wp-json\/wp\/v2\/comments?post=2"}],"version-history":[{"count":6,"href":"https:\/\/www.alex-edler.de\/blog\/wp-json\/wp\/v2\/pages\/2\/revisions"}],"predecessor-version":[{"id":10,"href":"https:\/\/www.alex-edler.de\/blog\/wp-json\/wp\/v2\/pages\/2\/revisions\/10"}],"wp:attachment":[{"href":"https:\/\/www.alex-edler.de\/blog\/wp-json\/wp\/v2\/media?parent=2"}],"curies":[{"name":"wp","href":"https:\/\/api.w.org\/{rel}","templated":true}]}}