{"id":71,"date":"2011-12-26T21:13:04","date_gmt":"2011-12-26T20:13:04","guid":{"rendered":"http:\/\/www.alex-edler.de\/blog\/?page_id=71"},"modified":"2012-01-02T23:07:56","modified_gmt":"2012-01-02T22:07:56","slug":"wieso-weshalb-warum","status":"publish","type":"page","link":"https:\/\/www.alex-edler.de\/blog\/wieso-weshalb-warum\/","title":{"rendered":"Wieso weshalb warum &#8230;"},"content":{"rendered":"<p>Hallo world wide web,<br \/>\nauch ich habe ein paar Hobbies: unter anderem koche ich unheimlich gerne oder bastele mit verschiedenen Materialien.<\/p>\n<p>Auf dieser Seite kann ich euch jetzt endlich meine Aktivit\u00e4ten zeigen.<br \/>\nAndreas: Danke f\u00fcr die Konfiguration.<\/p>\n<p>Euch allen: viel Spa\u00df beim Lesen und kommentieren.<\/p>\n","protected":false},"excerpt":{"rendered":"<p>Hallo world wide web, auch ich habe ein paar Hobbies: unter anderem koche ich unheimlich gerne oder bastele mit verschiedenen Materialien. Auf dieser Seite kann ich euch jetzt endlich meine Aktivit\u00e4ten zeigen. Andreas: Danke f\u00fcr die Konfiguration. Euch allen: viel Spa\u00df beim Lesen und kommentieren.<\/p>\n","protected":false},"author":1,"featured_media":0,"parent":0,"menu_order":0,"comment_status":"open","ping_status":"open","template":"","meta":{"footnotes":""},"class_list":["post-71","page","type-page","status-publish","hentry"],"_links":{"self":[{"href":"https:\/\/www.alex-edler.de\/blog\/wp-json\/wp\/v2\/pages\/71","targetHints":{"allow":["GET"]}}],"collection":[{"href":"https:\/\/www.alex-edler.de\/blog\/wp-json\/wp\/v2\/pages"}],"about":[{"href":"https:\/\/www.alex-edler.de\/blog\/wp-json\/wp\/v2\/types\/page"}],"author":[{"embeddable":true,"href":"https:\/\/www.alex-edler.de\/blog\/wp-json\/wp\/v2\/users\/1"}],"replies":[{"embeddable":true,"href":"https:\/\/www.alex-edler.de\/blog\/wp-json\/wp\/v2\/comments?post=71"}],"version-history":[{"count":9,"href":"https:\/\/www.alex-edler.de\/blog\/wp-json\/wp\/v2\/pages\/71\/revisions"}],"predecessor-version":[{"id":130,"href":"https:\/\/www.alex-edler.de\/blog\/wp-json\/wp\/v2\/pages\/71\/revisions\/130"}],"wp:attachment":[{"href":"https:\/\/www.alex-edler.de\/blog\/wp-json\/wp\/v2\/media?parent=71"}],"curies":[{"name":"wp","href":"https:\/\/api.w.org\/{rel}","templated":true}]}}